{"id":8943,"date":"2024-08-27T13:54:17","date_gmt":"2024-08-27T16:54:17","guid":{"rendered":"https:\/\/bpgrafica.app360.cl\/?post_type=product&#038;p=8943"},"modified":"2025-04-08T20:19:25","modified_gmt":"2025-04-08T23:19:25","slug":"boligrafo-metalizado-angra-bp290","status":"publish","type":"product","link":"https:\/\/tienda.bpgrafica.cl\/wp\/producto\/boligrafo-metalizado-angra-bp290\/","title":{"rendered":"Bol\u00edgrafo metalizado Angra BP290"},"content":{"rendered":"<p>Bol\u00edgrafo con cuerpo metalizado, pulsador, clip y puntera color plata.<\/p>\n<ul>\n<li>Cuerpo color negro<\/li>\n<li>Tinta Negra<\/li>\n<li>Colores y unidades sujetos a disponibilidad, consultar a vendedor.<\/li>\n<\/ul>\n<p>El valor no incluye elaboraci\u00f3n de dise\u00f1o, ni modificaciones. Si no tienes el dise\u00f1o, te podemos ayudar con ello por un adicional.<\/p>\n<p>Valores con IVA Incluido<\/p>\n","protected":false},"excerpt":{"rendered":"<p>Bol\u00edgrafo con cuerpo metalizado, pulsador, clip y puntera color plata. Cuerpo color negro Tinta Negra Colores y unidades sujetos a disponibilidad, consultar a vendedor. El valor no incluye elaboraci\u00f3n de dise\u00f1o, ni modificaciones. Si no tienes el dise\u00f1o, te podemos ayudar con ello por un adicional. Valores con IVA Incluido<\/p>\n","protected":false},"featured_media":9526,"comment_status":"open","ping_status":"closed","template":"","meta":{"site-sidebar-layout":"default","site-content-layout":"","ast-site-content-layout":"default","site-content-style":"default","site-sidebar-style":"default","ast-global-header-display":"","ast-banner-title-visibility":"","ast-main-header-display":"","ast-hfb-above-header-display":"","ast-hfb-below-header-display":"","ast-hfb-mobile-header-display":"","site-post-title":"","ast-breadcrumbs-content":"","ast-featured-img":"","footer-sml-layout":"","theme-transparent-header-meta":"default","adv-header-id-meta":"","stick-header-meta":"","header-above-stick-meta":"","header-main-stick-meta":"","header-below-stick-meta":"","astra-migrate-meta-layouts":"set","ast-page-background-enabled":"default","ast-page-background-meta":{"desktop":{"background-color":"","background-image":"","background-repeat":"repeat","background-position":"center center","background-size":"auto","background-attachment":"scroll","background-type":"","background-media":"","overlay-type":"","overlay-color":"","overlay-opacity":"","overlay-gradient":""},"tablet":{"background-color":"","background-image":"","background-repeat":"repeat","background-position":"center center","background-size":"auto","background-attachment":"scroll","background-type":"","background-media":"","overlay-type":"","overlay-color":"","overlay-opacity":"","overlay-gradient":""},"mobile":{"background-color":"","background-image":"","background-repeat":"repeat","background-position":"center center","background-size":"auto","background-attachment":"scroll","background-type":"","background-media":"","overlay-type":"","overlay-color":"","overlay-opacity":"","overlay-gradient":""}},"ast-content-background-meta":{"desktop":{"background-color":"var(--ast-global-color-5)","background-image":"","background-repeat":"repeat","background-position":"center center","background-size":"auto","background-attachment":"scroll","background-type":"","background-media":"","overlay-type":"","overlay-color":"","overlay-opacity":"","overlay-gradient":""},"tablet":{"background-color":"var(--ast-global-color-5)","background-image":"","background-repeat":"repeat","background-position":"center center","background-size":"auto","background-attachment":"scroll","background-type":"","background-media":"","overlay-type":"","overlay-color":"","overlay-opacity":"","overlay-gradient":""},"mobile":{"background-color":"var(--ast-global-color-5)","background-image":"","background-repeat":"repeat","background-position":"center center","background-size":"auto","background-attachment":"scroll","background-type":"","background-media":"","overlay-type":"","overlay-color":"","overlay-opacity":"","overlay-gradient":""}}},"product_cat":[115],"product_tag":[],"class_list":{"0":"post-8943","1":"product","2":"type-product","3":"status-publish","4":"has-post-thumbnail","6":"product_cat-boligrafos","7":"desktop-align-left","8":"tablet-align-left","9":"mobile-align-left","11":"first","12":"instock","13":"shipping-taxable","14":"purchasable","15":"product-type-variable"},"_links":{"self":[{"href":"https:\/\/tienda.bpgrafica.cl\/wp\/wp-json\/wp\/v2\/product\/8943","targetHints":{"allow":["GET"]}}],"collection":[{"href":"https:\/\/tienda.bpgrafica.cl\/wp\/wp-json\/wp\/v2\/product"}],"about":[{"href":"https:\/\/tienda.bpgrafica.cl\/wp\/wp-json\/wp\/v2\/types\/product"}],"replies":[{"embeddable":true,"href":"https:\/\/tienda.bpgrafica.cl\/wp\/wp-json\/wp\/v2\/comments?post=8943"}],"version-history":[{"count":1,"href":"https:\/\/tienda.bpgrafica.cl\/wp\/wp-json\/wp\/v2\/product\/8943\/revisions"}],"predecessor-version":[{"id":8950,"href":"https:\/\/tienda.bpgrafica.cl\/wp\/wp-json\/wp\/v2\/product\/8943\/revisions\/8950"}],"wp:featuredmedia":[{"embeddable":true,"href":"https:\/\/tienda.bpgrafica.cl\/wp\/wp-json\/wp\/v2\/media\/9526"}],"wp:attachment":[{"href":"https:\/\/tienda.bpgrafica.cl\/wp\/wp-json\/wp\/v2\/media?parent=8943"}],"wp:term":[{"taxonomy":"product_cat","embeddable":true,"href":"https:\/\/tienda.bpgrafica.cl\/wp\/wp-json\/wp\/v2\/product_cat?post=8943"},{"taxonomy":"product_tag","embeddable":true,"href":"https:\/\/tienda.bpgrafica.cl\/wp\/wp-json\/wp\/v2\/product_tag?post=8943"}],"curies":[{"name":"wp","href":"https:\/\/api.w.org\/{rel}","templated":true}]}}