{"id":8197,"date":"2024-08-27T02:35:00","date_gmt":"2024-08-27T05:35:00","guid":{"rendered":"https:\/\/bpgrafica.app360.cl\/?post_type=product&#038;p=8197"},"modified":"2024-08-27T02:39:13","modified_gmt":"2024-08-27T05:39:13","slug":"pendon-tripode-foamex","status":"publish","type":"product","link":"https:\/\/tienda.bpgrafica.cl\/wp\/producto\/pendon-tripode-foamex\/","title":{"rendered":"Pend\u00f3n tr\u00edpode Foamex"},"content":{"rendered":"<p><span>El porta pend\u00f3n atril tr\u00edpode pro se caracteriza por ser liviano, de f\u00e1cil armado y por ser un soporte muy vers\u00e1til en la presentaci\u00f3n de formatos y sustratos.<\/span><\/p>\n<ul>\n<li><span>Pendones con travesa\u00f1o, foamex, PVC espumado, acr\u00edlico, otros.<\/span><\/li>\n<li><span>El atril est\u00e1 fabricado con aluminio de alta calidad y pl\u00e1stico ABS.<\/span><\/li>\n<li><span>El porta pend\u00f3n tr\u00edpode se compone de 3 partes (cuerpo, sujeciones, platicas y bolso de transporte.<\/span><\/li>\n<li><span>Impresi\u00f3n en alta calidad, acabado mate.<\/span><\/li>\n<\/ul>\n<p><span>El valor no incluye elaboraci\u00f3n de dise\u00f1o, ni modificaciones\u00a0<\/span><\/p>\n<p>Valores con IVA Incluido<\/p>\n","protected":false},"excerpt":{"rendered":"<p>El porta pend\u00f3n atril tr\u00edpode pro se caracteriza por ser liviano, de f\u00e1cil armado y por ser un soporte muy vers\u00e1til en la presentaci\u00f3n de formatos y sustratos. Pendones con travesa\u00f1o, foamex, PVC espumado, acr\u00edlico, otros. El atril est\u00e1 fabricado con aluminio de alta calidad y pl\u00e1stico ABS. El porta pend\u00f3n tr\u00edpode se compone de [&hellip;]<\/p>\n","protected":false},"featured_media":8198,"comment_status":"open","ping_status":"closed","template":"","meta":{"site-sidebar-layout":"default","site-content-layout":"","ast-site-content-layout":"default","site-content-style":"default","site-sidebar-style":"default","ast-global-header-display":"","ast-banner-title-visibility":"","ast-main-header-display":"","ast-hfb-above-header-display":"","ast-hfb-below-header-display":"","ast-hfb-mobile-header-display":"","site-post-title":"","ast-breadcrumbs-content":"","ast-featured-img":"","footer-sml-layout":"","theme-transparent-header-meta":"default","adv-header-id-meta":"","stick-header-meta":"","header-above-stick-meta":"","header-main-stick-meta":"","header-below-stick-meta":"","astra-migrate-meta-layouts":"set","ast-page-background-enabled":"default","ast-page-background-meta":{"desktop":{"background-color":"","background-image":"","background-repeat":"repeat","background-position":"center center","background-size":"auto","background-attachment":"scroll","background-type":"","background-media":"","overlay-type":"","overlay-color":"","overlay-opacity":"","overlay-gradient":""},"tablet":{"background-color":"","background-image":"","background-repeat":"repeat","background-position":"center center","background-size":"auto","background-attachment":"scroll","background-type":"","background-media":"","overlay-type":"","overlay-color":"","overlay-opacity":"","overlay-gradient":""},"mobile":{"background-color":"","background-image":"","background-repeat":"repeat","background-position":"center center","background-size":"auto","background-attachment":"scroll","background-type":"","background-media":"","overlay-type":"","overlay-color":"","overlay-opacity":"","overlay-gradient":""}},"ast-content-background-meta":{"desktop":{"background-color":"var(--ast-global-color-5)","background-image":"","background-repeat":"repeat","background-position":"center center","background-size":"auto","background-attachment":"scroll","background-type":"","background-media":"","overlay-type":"","overlay-color":"","overlay-opacity":"","overlay-gradient":""},"tablet":{"background-color":"var(--ast-global-color-5)","background-image":"","background-repeat":"repeat","background-position":"center center","background-size":"auto","background-attachment":"scroll","background-type":"","background-media":"","overlay-type":"","overlay-color":"","overlay-opacity":"","overlay-gradient":""},"mobile":{"background-color":"var(--ast-global-color-5)","background-image":"","background-repeat":"repeat","background-position":"center center","background-size":"auto","background-attachment":"scroll","background-type":"","background-media":"","overlay-type":"","overlay-color":"","overlay-opacity":"","overlay-gradient":""}}},"product_cat":[116],"product_tag":[],"class_list":{"0":"post-8197","1":"product","2":"type-product","3":"status-publish","4":"has-post-thumbnail","6":"product_cat-pendones","7":"desktop-align-left","8":"tablet-align-left","9":"mobile-align-left","11":"first","12":"instock","13":"shipping-taxable","14":"purchasable","15":"product-type-variable"},"_links":{"self":[{"href":"https:\/\/tienda.bpgrafica.cl\/wp\/wp-json\/wp\/v2\/product\/8197","targetHints":{"allow":["GET"]}}],"collection":[{"href":"https:\/\/tienda.bpgrafica.cl\/wp\/wp-json\/wp\/v2\/product"}],"about":[{"href":"https:\/\/tienda.bpgrafica.cl\/wp\/wp-json\/wp\/v2\/types\/product"}],"replies":[{"embeddable":true,"href":"https:\/\/tienda.bpgrafica.cl\/wp\/wp-json\/wp\/v2\/comments?post=8197"}],"version-history":[{"count":1,"href":"https:\/\/tienda.bpgrafica.cl\/wp\/wp-json\/wp\/v2\/product\/8197\/revisions"}],"predecessor-version":[{"id":8203,"href":"https:\/\/tienda.bpgrafica.cl\/wp\/wp-json\/wp\/v2\/product\/8197\/revisions\/8203"}],"wp:featuredmedia":[{"embeddable":true,"href":"https:\/\/tienda.bpgrafica.cl\/wp\/wp-json\/wp\/v2\/media\/8198"}],"wp:attachment":[{"href":"https:\/\/tienda.bpgrafica.cl\/wp\/wp-json\/wp\/v2\/media?parent=8197"}],"wp:term":[{"taxonomy":"product_cat","embeddable":true,"href":"https:\/\/tienda.bpgrafica.cl\/wp\/wp-json\/wp\/v2\/product_cat?post=8197"},{"taxonomy":"product_tag","embeddable":true,"href":"https:\/\/tienda.bpgrafica.cl\/wp\/wp-json\/wp\/v2\/product_tag?post=8197"}],"curies":[{"name":"wp","href":"https:\/\/api.w.org\/{rel}","templated":true}]}}