{"id":7111,"date":"2024-08-26T18:47:10","date_gmt":"2024-08-26T21:47:10","guid":{"rendered":"https:\/\/bpgrafica.app360.cl\/?post_type=product&#038;p=7111"},"modified":"2024-08-26T21:33:53","modified_gmt":"2024-08-27T00:33:53","slug":"libretas-grecia-t535","status":"publish","type":"product","link":"https:\/\/tienda.bpgrafica.cl\/wp\/producto\/libretas-grecia-t535\/","title":{"rendered":"Libretas Grecia T535"},"content":{"rendered":"<p>Hace tus listas, anota tu inspiraci\u00f3n, anota tus recetas. Libreta\u00a0Grecia T535 de s\u00edmil corcho y PU con detalle de costura.<\/p>\n<ul>\n<li>80 hojas con renglones punteados<\/li>\n<li>Se\u00f1alador de tela y el\u00e1stico de color que cierra o sostiene la hoja.<\/li>\n<\/ul>\n<p>El valor no incluye elaboraci\u00f3n de dise\u00f1o, ni modificaciones. Si no tienes el dise\u00f1o, te podemos ayudar con ello por un adicional.<\/p>\n<p>Valores con IVA Incluido<\/p>\n","protected":false},"excerpt":{"rendered":"<p>Hace tus listas, anota tu inspiraci\u00f3n, anota tus recetas. Libreta\u00a0Grecia T535 de s\u00edmil corcho y PU con detalle de costura. 80 hojas con renglones punteados Se\u00f1alador de tela y el\u00e1stico de color que cierra o sostiene la hoja. El valor no incluye elaboraci\u00f3n de dise\u00f1o, ni modificaciones. Si no tienes el dise\u00f1o, te podemos ayudar [&hellip;]<\/p>\n","protected":false},"featured_media":4685,"comment_status":"open","ping_status":"closed","template":"","meta":{"site-sidebar-layout":"default","site-content-layout":"","ast-site-content-layout":"default","site-content-style":"default","site-sidebar-style":"default","ast-global-header-display":"","ast-banner-title-visibility":"","ast-main-header-display":"","ast-hfb-above-header-display":"","ast-hfb-below-header-display":"","ast-hfb-mobile-header-display":"","site-post-title":"","ast-breadcrumbs-content":"","ast-featured-img":"","footer-sml-layout":"","theme-transparent-header-meta":"default","adv-header-id-meta":"","stick-header-meta":"","header-above-stick-meta":"","header-main-stick-meta":"","header-below-stick-meta":"","astra-migrate-meta-layouts":"set","ast-page-background-enabled":"default","ast-page-background-meta":{"desktop":{"background-color":"","background-image":"","background-repeat":"repeat","background-position":"center center","background-size":"auto","background-attachment":"scroll","background-type":"","background-media":"","overlay-type":"","overlay-color":"","overlay-opacity":"","overlay-gradient":""},"tablet":{"background-color":"","background-image":"","background-repeat":"repeat","background-position":"center center","background-size":"auto","background-attachment":"scroll","background-type":"","background-media":"","overlay-type":"","overlay-color":"","overlay-opacity":"","overlay-gradient":""},"mobile":{"background-color":"","background-image":"","background-repeat":"repeat","background-position":"center center","background-size":"auto","background-attachment":"scroll","background-type":"","background-media":"","overlay-type":"","overlay-color":"","overlay-opacity":"","overlay-gradient":""}},"ast-content-background-meta":{"desktop":{"background-color":"var(--ast-global-color-5)","background-image":"","background-repeat":"repeat","background-position":"center center","background-size":"auto","background-attachment":"scroll","background-type":"","background-media":"","overlay-type":"","overlay-color":"","overlay-opacity":"","overlay-gradient":""},"tablet":{"background-color":"var(--ast-global-color-5)","background-image":"","background-repeat":"repeat","background-position":"center center","background-size":"auto","background-attachment":"scroll","background-type":"","background-media":"","overlay-type":"","overlay-color":"","overlay-opacity":"","overlay-gradient":""},"mobile":{"background-color":"var(--ast-global-color-5)","background-image":"","background-repeat":"repeat","background-position":"center center","background-size":"auto","background-attachment":"scroll","background-type":"","background-media":"","overlay-type":"","overlay-color":"","overlay-opacity":"","overlay-gradient":""}}},"product_cat":[113],"product_tag":[],"class_list":{"0":"post-7111","1":"product","2":"type-product","3":"status-publish","4":"has-post-thumbnail","6":"product_cat-libretas","7":"desktop-align-left","8":"tablet-align-left","9":"mobile-align-left","11":"first","12":"instock","13":"shipping-taxable","14":"purchasable","15":"product-type-variable"},"_links":{"self":[{"href":"https:\/\/tienda.bpgrafica.cl\/wp\/wp-json\/wp\/v2\/product\/7111","targetHints":{"allow":["GET"]}}],"collection":[{"href":"https:\/\/tienda.bpgrafica.cl\/wp\/wp-json\/wp\/v2\/product"}],"about":[{"href":"https:\/\/tienda.bpgrafica.cl\/wp\/wp-json\/wp\/v2\/types\/product"}],"replies":[{"embeddable":true,"href":"https:\/\/tienda.bpgrafica.cl\/wp\/wp-json\/wp\/v2\/comments?post=7111"}],"version-history":[{"count":2,"href":"https:\/\/tienda.bpgrafica.cl\/wp\/wp-json\/wp\/v2\/product\/7111\/revisions"}],"predecessor-version":[{"id":7321,"href":"https:\/\/tienda.bpgrafica.cl\/wp\/wp-json\/wp\/v2\/product\/7111\/revisions\/7321"}],"wp:featuredmedia":[{"embeddable":true,"href":"https:\/\/tienda.bpgrafica.cl\/wp\/wp-json\/wp\/v2\/media\/4685"}],"wp:attachment":[{"href":"https:\/\/tienda.bpgrafica.cl\/wp\/wp-json\/wp\/v2\/media?parent=7111"}],"wp:term":[{"taxonomy":"product_cat","embeddable":true,"href":"https:\/\/tienda.bpgrafica.cl\/wp\/wp-json\/wp\/v2\/product_cat?post=7111"},{"taxonomy":"product_tag","embeddable":true,"href":"https:\/\/tienda.bpgrafica.cl\/wp\/wp-json\/wp\/v2\/product_tag?post=7111"}],"curies":[{"name":"wp","href":"https:\/\/api.w.org\/{rel}","templated":true}]}}