{"id":6796,"date":"2024-08-26T15:47:27","date_gmt":"2024-08-26T18:47:27","guid":{"rendered":"https:\/\/bpgrafica.app360.cl\/?post_type=product&#038;p=6796"},"modified":"2024-08-28T12:12:03","modified_gmt":"2024-08-28T15:12:03","slug":"botella-termica-acero-otawa-t610","status":"publish","type":"product","link":"https:\/\/tienda.bpgrafica.cl\/wp\/producto\/botella-termica-acero-otawa-t610\/","title":{"rendered":"Botella t\u00e9rmica acero OTAWA T610"},"content":{"rendered":"<p>Botella doble pared, sellada al vac\u00edo. Interior en acero 304, exterior en acero 201. Tapa rosca de acero.<\/p>\n<ul>\n<li>Mantiene\u00a0hasta 12 hrs la temperatura de las bebidas calientes y 24 hrs de las bebidas fr\u00edas.<\/li>\n<li>Diferentes elecciones de capacidad en ML.<\/li>\n<li>Acero inoxidable.<\/li>\n<li>Presentaci\u00f3n en caja de regalo.<\/li>\n<\/ul>\n<p>El valor no incluye elaboraci\u00f3n de dise\u00f1o, ni modificaciones. Si no tienes el dise\u00f1o, te podemos ayudar con ello por un adicional.<\/p>\n<p>Valores con IVA Incluido<\/p>\n","protected":false},"excerpt":{"rendered":"<p>Botella doble pared, sellada al vac\u00edo. Interior en acero 304, exterior en acero 201. Tapa rosca de acero. Mantiene\u00a0hasta 12 hrs la temperatura de las bebidas calientes y 24 hrs de las bebidas fr\u00edas. Diferentes elecciones de capacidad en ML. Acero inoxidable. Presentaci\u00f3n en caja de regalo. El valor no incluye elaboraci\u00f3n de dise\u00f1o, ni [&hellip;]<\/p>\n","protected":false},"featured_media":4818,"comment_status":"open","ping_status":"closed","template":"","meta":{"site-sidebar-layout":"default","site-content-layout":"","ast-site-content-layout":"default","site-content-style":"default","site-sidebar-style":"default","ast-global-header-display":"","ast-banner-title-visibility":"","ast-main-header-display":"","ast-hfb-above-header-display":"","ast-hfb-below-header-display":"","ast-hfb-mobile-header-display":"","site-post-title":"","ast-breadcrumbs-content":"","ast-featured-img":"","footer-sml-layout":"","theme-transparent-header-meta":"default","adv-header-id-meta":"","stick-header-meta":"","header-above-stick-meta":"","header-main-stick-meta":"","header-below-stick-meta":"","astra-migrate-meta-layouts":"set","ast-page-background-enabled":"default","ast-page-background-meta":{"desktop":{"background-color":"","background-image":"","background-repeat":"repeat","background-position":"center center","background-size":"auto","background-attachment":"scroll","background-type":"","background-media":"","overlay-type":"","overlay-color":"","overlay-opacity":"","overlay-gradient":""},"tablet":{"background-color":"","background-image":"","background-repeat":"repeat","background-position":"center center","background-size":"auto","background-attachment":"scroll","background-type":"","background-media":"","overlay-type":"","overlay-color":"","overlay-opacity":"","overlay-gradient":""},"mobile":{"background-color":"","background-image":"","background-repeat":"repeat","background-position":"center center","background-size":"auto","background-attachment":"scroll","background-type":"","background-media":"","overlay-type":"","overlay-color":"","overlay-opacity":"","overlay-gradient":""}},"ast-content-background-meta":{"desktop":{"background-color":"var(--ast-global-color-5)","background-image":"","background-repeat":"repeat","background-position":"center center","background-size":"auto","background-attachment":"scroll","background-type":"","background-media":"","overlay-type":"","overlay-color":"","overlay-opacity":"","overlay-gradient":""},"tablet":{"background-color":"var(--ast-global-color-5)","background-image":"","background-repeat":"repeat","background-position":"center center","background-size":"auto","background-attachment":"scroll","background-type":"","background-media":"","overlay-type":"","overlay-color":"","overlay-opacity":"","overlay-gradient":""},"mobile":{"background-color":"var(--ast-global-color-5)","background-image":"","background-repeat":"repeat","background-position":"center center","background-size":"auto","background-attachment":"scroll","background-type":"","background-media":"","overlay-type":"","overlay-color":"","overlay-opacity":"","overlay-gradient":""}}},"product_cat":[106,122],"product_tag":[],"class_list":{"0":"post-6796","1":"product","2":"type-product","3":"status-publish","4":"has-post-thumbnail","6":"product_cat-botellas-termicas","7":"product_cat-botellas-termicas-acero","8":"desktop-align-left","9":"tablet-align-left","10":"mobile-align-left","12":"first","13":"instock","14":"shipping-taxable","15":"purchasable","16":"product-type-variable"},"_links":{"self":[{"href":"https:\/\/tienda.bpgrafica.cl\/wp\/wp-json\/wp\/v2\/product\/6796","targetHints":{"allow":["GET"]}}],"collection":[{"href":"https:\/\/tienda.bpgrafica.cl\/wp\/wp-json\/wp\/v2\/product"}],"about":[{"href":"https:\/\/tienda.bpgrafica.cl\/wp\/wp-json\/wp\/v2\/types\/product"}],"replies":[{"embeddable":true,"href":"https:\/\/tienda.bpgrafica.cl\/wp\/wp-json\/wp\/v2\/comments?post=6796"}],"version-history":[{"count":1,"href":"https:\/\/tienda.bpgrafica.cl\/wp\/wp-json\/wp\/v2\/product\/6796\/revisions"}],"predecessor-version":[{"id":6807,"href":"https:\/\/tienda.bpgrafica.cl\/wp\/wp-json\/wp\/v2\/product\/6796\/revisions\/6807"}],"wp:featuredmedia":[{"embeddable":true,"href":"https:\/\/tienda.bpgrafica.cl\/wp\/wp-json\/wp\/v2\/media\/4818"}],"wp:attachment":[{"href":"https:\/\/tienda.bpgrafica.cl\/wp\/wp-json\/wp\/v2\/media?parent=6796"}],"wp:term":[{"taxonomy":"product_cat","embeddable":true,"href":"https:\/\/tienda.bpgrafica.cl\/wp\/wp-json\/wp\/v2\/product_cat?post=6796"},{"taxonomy":"product_tag","embeddable":true,"href":"https:\/\/tienda.bpgrafica.cl\/wp\/wp-json\/wp\/v2\/product_tag?post=6796"}],"curies":[{"name":"wp","href":"https:\/\/api.w.org\/{rel}","templated":true}]}}